{"id":241,"date":"2020-01-17T10:39:29","date_gmt":"2020-01-17T09:39:29","guid":{"rendered":"http:\/\/corinnelaborie.com\/wp\/?page_id=241"},"modified":"2025-03-17T07:50:22","modified_gmt":"2025-03-17T06:50:22","slug":"developpement-personnel-orleans-2","status":"publish","type":"page","link":"http:\/\/corinnelaborie.com\/wp\/developpement-personnel-orleans-2\/","title":{"rendered":"D\u00e9veloppement personnel"},"content":{"rendered":"<p>[et_pb_section fb_built=\u00a0\u00bb1&Prime; _builder_version=\u00a0\u00bb3.22.4&Prime; background_image=\u00a0\u00bbhttp:\/\/corinnelaborie.com\/wp\/wp-content\/uploads\/2020\/01\/developpement-personnel.jpg\u00a0\u00bb parallax=\u00a0\u00bbon\u00a0\u00bb custom_padding=\u00a0\u00bb571px||1px|||\u00a0\u00bb global_colors_info=\u00a0\u00bb{}\u00a0\u00bb da_is_popup=\u00a0\u00bboff\u00a0\u00bb da_exit_intent=\u00a0\u00bboff\u00a0\u00bb da_has_close=\u00a0\u00bbon\u00a0\u00bb da_alt_close=\u00a0\u00bboff\u00a0\u00bb da_dark_close=\u00a0\u00bboff\u00a0\u00bb da_not_modal=\u00a0\u00bbon\u00a0\u00bb da_is_singular=\u00a0\u00bboff\u00a0\u00bb da_with_loader=\u00a0\u00bboff\u00a0\u00bb da_has_shadow=\u00a0\u00bbon\u00a0\u00bb da_disable_devices=\u00a0\u00bboff|off|off\u00a0\u00bb][et_pb_row _builder_version=\u00a0\u00bb3.25&Prime; background_color=\u00a0\u00bbrgba(20,114,198,0.65)\u00a0\u00bb width=\u00a0\u00bb100%\u00a0\u00bb max_width=\u00a0\u00bb2560px\u00a0\u00bb module_alignment=\u00a0\u00bbcenter\u00a0\u00bb custom_padding=\u00a0\u00bb|0px||0px\u00a0\u00bb global_colors_info=\u00a0\u00bb{}\u00a0\u00bb][et_pb_column type=\u00a0\u00bb4_4&Prime; _builder_version=\u00a0\u00bb3.25&Prime; custom_padding=\u00a0\u00bb|||\u00a0\u00bb global_colors_info=\u00a0\u00bb{}\u00a0\u00bb custom_padding__hover=\u00a0\u00bb|||\u00a0\u00bb][et_pb_text _builder_version=\u00a0\u00bb3.27.4&Prime; text_font=\u00a0\u00bb||||||||\u00a0\u00bb text_font_size=\u00a0\u00bb24px\u00a0\u00bb header_font=\u00a0\u00bbMontserrat||||||||\u00a0\u00bb header_text_color=\u00a0\u00bb#ffffff\u00a0\u00bb header_font_size=\u00a0\u00bb34px\u00a0\u00bb header_2_font=\u00a0\u00bbMontserrat||||||||\u00a0\u00bb header_2_text_color=\u00a0\u00bb#ffffff\u00a0\u00bb global_colors_info=\u00a0\u00bb{}\u00a0\u00bb]<\/p>\n<h1 style=\"text-align: center;\">D\u00e9veloppement personnel  : <\/h1>\n<h2 style=\"text-align: center;\">cultiver l\u2019art d\u2019\u00eatre heureux&#8230;<\/h2>\n<p>[\/et_pb_text][\/et_pb_column][\/et_pb_row][\/et_pb_section][et_pb_section fb_built=\u00a0\u00bb1&Prime; _builder_version=\u00a0\u00bb3.22.4&Prime; custom_margin=\u00a0\u00bb0px|||||\u00a0\u00bb custom_padding=\u00a0\u00bb20px||3px|||\u00a0\u00bb global_colors_info=\u00a0\u00bb{}\u00a0\u00bb da_is_popup=\u00a0\u00bboff\u00a0\u00bb da_exit_intent=\u00a0\u00bboff\u00a0\u00bb da_has_close=\u00a0\u00bbon\u00a0\u00bb da_alt_close=\u00a0\u00bboff\u00a0\u00bb da_dark_close=\u00a0\u00bboff\u00a0\u00bb da_not_modal=\u00a0\u00bbon\u00a0\u00bb da_is_singular=\u00a0\u00bboff\u00a0\u00bb da_with_loader=\u00a0\u00bboff\u00a0\u00bb da_has_shadow=\u00a0\u00bbon\u00a0\u00bb da_disable_devices=\u00a0\u00bboff|off|off\u00a0\u00bb][et_pb_row use_custom_gutter=\u00a0\u00bbon\u00a0\u00bb gutter_width=\u00a0\u00bb2&Prime; _builder_version=\u00a0\u00bb3.25&Prime; custom_padding=\u00a0\u00bb||3px|||\u00a0\u00bb global_colors_info=\u00a0\u00bb{}\u00a0\u00bb column_structure=\u00a0\u00bb3_4,1_4&Prime;][et_pb_column type=\u00a0\u00bb3_4&Prime; _builder_version=\u00a0\u00bb3.25&Prime; custom_padding=\u00a0\u00bb|||\u00a0\u00bb global_colors_info=\u00a0\u00bb{}\u00a0\u00bb custom_padding__hover=\u00a0\u00bb|||\u00a0\u00bb][et_pb_text _builder_version=\u00a0\u00bb3.27.4&Prime; text_font=\u00a0\u00bbMontserrat||||||||\u00a0\u00bb text_text_color=\u00a0\u00bb#4f4f4f\u00a0\u00bb text_font_size=\u00a0\u00bb16px\u00a0\u00bb header_font=\u00a0\u00bb||||||||\u00a0\u00bb header_2_font=\u00a0\u00bbMontserrat||||||||\u00a0\u00bb header_2_line_height=\u00a0\u00bb1.3em\u00a0\u00bb global_colors_info=\u00a0\u00bb{}\u00a0\u00bb]<\/p>\n<p><em><strong>Dans le plus profond respect, je vous accueille tel que vous \u00eates sans jugement, en toute sinc\u00e8re bienveillance afin de cr\u00e9er une belle alliance th\u00e9rapeutique et une grande confiance r\u00e9ciproque.<br \/><\/strong><\/em><span style=\"color: #0c71c3;\"><em><strong>Je suis happy-cultrice !<\/strong><\/em><\/span><br \/> <em><strong> Je vous donne les outils qui vont vous permettre de cultiver l\u2019art d\u2019\u00eatre heureux, votre bonheur, votre bien-\u00eatre. <\/strong><\/em><em><strong>Avez-vous remarqu\u00e9 comme on est heureux quand on r\u00e9ussit et comme on r\u00e9ussit quand on est heureux ?<\/strong><\/em><\/p>\n<p>[\/et_pb_text][et_pb_text _builder_version=\u00a0\u00bb3.27.4&Prime; header_font=\u00a0\u00bb||||||||\u00a0\u00bb header_2_font=\u00a0\u00bbMontserrat||||||||\u00a0\u00bb header_2_line_height=\u00a0\u00bb1.3em\u00a0\u00bb custom_margin=\u00a0\u00bb||8px|||\u00a0\u00bb global_colors_info=\u00a0\u00bb{}\u00a0\u00bb]<\/p>\n<p>Alors quand la vie vous bouscule, vous met des emb\u00fbches, que vous vous sentez d\u00e9sarm\u00e9s face \u00e0 une situation pro ou perso, c\u2019est le moment d\u2019agir et de d\u00e9velopper un \u00e9tat d\u2019esprit afin d\u2019orienter vos pens\u00e9es et vos actions de mani\u00e8re positive.<br \/> <span style=\"color: #0c71c3;\"><strong>Je vous propose de travailler avec des outils issus du d\u00e9veloppement personnel, du coaching, de la psychologie positive et de la sophrologie afin de lever les obstacles qui vous s\u00e9parent de vos objectifs, de vos envies, de vos besoins, de vous.<br \/> <\/strong><\/span>Le mieux-\u00eatre est une notion tellement puissante pour moi que j\u2019ai cr\u00e9\u00e9 un espace f\u00e9d\u00e9rant diff\u00e9rentes comp\u00e9tences th\u00e9rapeutiques au service de votre sant\u00e9 (naturopathe, ost\u00e9opathe, acuponcteur, hypnoth\u00e9rapeute, massage ayurv\u00e9dique et d\u2019autres \u00e0 venir !). C\u2019est un espace convivial et harmonieux o\u00f9 chaque professionnel a pour passion de vous aider \u00e0 \u00eatre\u2026 mieux !<\/p>\n<p>[\/et_pb_text][\/et_pb_column][et_pb_column type=\u00a0\u00bb1_4&Prime; _builder_version=\u00a0\u00bb3.25&Prime; custom_padding=\u00a0\u00bb|||\u00a0\u00bb global_colors_info=\u00a0\u00bb{}\u00a0\u00bb custom_padding__hover=\u00a0\u00bb|||\u00a0\u00bb][et_pb_text _builder_version=\u00a0\u00bb3.27.4&Prime; header_font=\u00a0\u00bb||||||||\u00a0\u00bb header_3_font=\u00a0\u00bbMontserrat||||||||\u00a0\u00bb header_3_font_size=\u00a0\u00bb20px\u00a0\u00bb header_3_line_height=\u00a0\u00bb1.2em\u00a0\u00bb global_colors_info=\u00a0\u00bb{}\u00a0\u00bb]<\/p>\n<h3>S\u00e9ances et tarifs<\/h3>\n<p>Du lundi au vendredi et un samedi par mois de 8h \u00e0 19h30.<br \/>Vous pouvez prendre rendez-vous en me t\u00e9l\u00e9phonant <a href=\"tel:0614835357\">06 14 83 53 57<\/a> ou par <a href=\"mailto:corinne.delphis@gmail.com\">mail<\/a>.<\/p>\n<ul>\n<li>Adulte : 1h : 80 \u20ac<\/li>\n<li>Etudiant : 1h : 55 \u20ac<\/li>\n<li>Ado : 45 minutes : : 45 \u20ac<\/li>\n<li>Couple : 1h30 : 120 \u20ac<\/li>\n<\/ul>\n<p>[\/et_pb_text][\/et_pb_column][\/et_pb_row][\/et_pb_section][et_pb_section fb_built=\u00a0\u00bb1&Prime; module_id=\u00a0\u00bboutils\u00a0\u00bb _builder_version=\u00a0\u00bb3.22.4&Prime; background_color=\u00a0\u00bb#1472C6&Prime; custom_margin=\u00a0\u00bb53px|||||\u00a0\u00bb custom_padding=\u00a0\u00bb28px|||||\u00a0\u00bb global_colors_info=\u00a0\u00bb{}\u00a0\u00bb da_is_popup=\u00a0\u00bboff\u00a0\u00bb da_exit_intent=\u00a0\u00bboff\u00a0\u00bb da_has_close=\u00a0\u00bbon\u00a0\u00bb da_alt_close=\u00a0\u00bboff\u00a0\u00bb da_dark_close=\u00a0\u00bboff\u00a0\u00bb da_not_modal=\u00a0\u00bbon\u00a0\u00bb da_is_singular=\u00a0\u00bboff\u00a0\u00bb da_with_loader=\u00a0\u00bboff\u00a0\u00bb da_has_shadow=\u00a0\u00bbon\u00a0\u00bb da_disable_devices=\u00a0\u00bboff|off|off\u00a0\u00bb][et_pb_row _builder_version=\u00a0\u00bb3.25&Prime; global_colors_info=\u00a0\u00bb{}\u00a0\u00bb][et_pb_column type=\u00a0\u00bb4_4&Prime; _builder_version=\u00a0\u00bb3.25&Prime; custom_padding=\u00a0\u00bb|||\u00a0\u00bb global_colors_info=\u00a0\u00bb{}\u00a0\u00bb custom_padding__hover=\u00a0\u00bb|||\u00a0\u00bb][et_pb_text _builder_version=\u00a0\u00bb3.27.4&Prime; header_font=\u00a0\u00bb||||||||\u00a0\u00bb header_2_font=\u00a0\u00bbMontserrat||||||||\u00a0\u00bb header_2_text_color=\u00a0\u00bb#ffffff\u00a0\u00bb header_2_line_height=\u00a0\u00bb1.3em\u00a0\u00bb global_colors_info=\u00a0\u00bb{}\u00a0\u00bb]<\/p>\n<h2>Des outils de d\u00e9veloppement personnel et professionnel pour lever les obstacles qui vous s\u00e9parent de vos objectifs<\/h2>\n<p>[\/et_pb_text][\/et_pb_column][\/et_pb_row][et_pb_row _builder_version=\u00a0\u00bb3.25&Prime; global_colors_info=\u00a0\u00bb{}\u00a0\u00bb column_structure=\u00a0\u00bb1_2,1_2&Prime;][et_pb_column type=\u00a0\u00bb1_2&Prime; _builder_version=\u00a0\u00bb3.25&Prime; custom_padding=\u00a0\u00bb|||\u00a0\u00bb global_colors_info=\u00a0\u00bb{}\u00a0\u00bb custom_padding__hover=\u00a0\u00bb|||\u00a0\u00bb][et_pb_text _builder_version=\u00a0\u00bb3.27.4&Prime; text_font=\u00a0\u00bb||||||||\u00a0\u00bb text_text_color=\u00a0\u00bb#ffffff\u00a0\u00bb header_font=\u00a0\u00bb||||||||\u00a0\u00bb header_text_color=\u00a0\u00bb#ffffff\u00a0\u00bb header_3_font=\u00a0\u00bbMontserrat|700|||||||\u00a0\u00bb header_3_text_color=\u00a0\u00bb#ffffff\u00a0\u00bb custom_padding=\u00a0\u00bb|||25px\u00a0\u00bb border_width_left=\u00a0\u00bb1px\u00a0\u00bb border_color_left=\u00a0\u00bb#ffffff\u00a0\u00bb global_colors_info=\u00a0\u00bb{}\u00a0\u00bb]<\/p>\n<h3>Le coaching individuel<\/h3>\n<p><strong>Le coaching est un acte de d\u00e9veloppement professionnel et\/ou personnel<\/strong>, il est dynamique et respectueux de chacun. Il vise \u00e0 lever les obstacles qui vous s\u00e9parent de vos objectifs, vos envies, vos besoins. Cet accompagnement permet de (re)d\u00e9couvrir et d\u2019exploiter ses ressources, de mieux se conna\u00eetre et se ressentir.<br \/> Pour cela, nous allons \u00e0 la d\u00e9couverte de vos comportements, de vos \u00e9motions, de vos convictions, de vos relations.<\/p>\n<p>[\/et_pb_text][\/et_pb_column][et_pb_column type=\u00a0\u00bb1_2&Prime; _builder_version=\u00a0\u00bb3.25&Prime; custom_padding=\u00a0\u00bb|||\u00a0\u00bb global_colors_info=\u00a0\u00bb{}\u00a0\u00bb custom_padding__hover=\u00a0\u00bb|||\u00a0\u00bb][et_pb_text _builder_version=\u00a0\u00bb3.27.4&Prime; text_font=\u00a0\u00bb||||||||\u00a0\u00bb text_text_color=\u00a0\u00bb#ffffff\u00a0\u00bb header_font=\u00a0\u00bb||||||||\u00a0\u00bb header_text_color=\u00a0\u00bb#ffffff\u00a0\u00bb header_3_font=\u00a0\u00bbMontserrat|700|||||||\u00a0\u00bb header_3_text_color=\u00a0\u00bb#ffffff\u00a0\u00bb custom_padding=\u00a0\u00bb|||25px\u00a0\u00bb border_width_left=\u00a0\u00bb1px\u00a0\u00bb border_color_left=\u00a0\u00bb#ffffff\u00a0\u00bb global_colors_info=\u00a0\u00bb{}\u00a0\u00bb]<\/p>\n<h3>La psychologie positive, une science \u00ab\u00a0du bonheur\u00a0\u00bb<\/h3>\n<p>La psychologie positive, dite aussi \u00ab la science du bonheur \u00bb est une \u00e9tude sur les aspects positifs de la vie en se focalisant sur ce qui va bien. <strong>On s\u2019appuie donc sur les potentiels positifs afin de promouvoir un sentiment de bien \u00eatre et d\u2019\u00e9panouissement.<\/strong><\/p>\n<p>[\/et_pb_text][\/et_pb_column][\/et_pb_row][et_pb_row _builder_version=\u00a0\u00bb3.25&Prime; border_color_left=\u00a0\u00bb#ffffff\u00a0\u00bb global_colors_info=\u00a0\u00bb{}\u00a0\u00bb column_structure=\u00a0\u00bb1_2,1_2&Prime;][et_pb_column type=\u00a0\u00bb1_2&Prime; _builder_version=\u00a0\u00bb3.25&Prime; custom_padding=\u00a0\u00bb|||0px\u00a0\u00bb global_colors_info=\u00a0\u00bb{}\u00a0\u00bb custom_padding__hover=\u00a0\u00bb|||\u00a0\u00bb][et_pb_text _builder_version=\u00a0\u00bb3.27.4&Prime; text_font=\u00a0\u00bb||||||||\u00a0\u00bb text_text_color=\u00a0\u00bb#ffffff\u00a0\u00bb header_font=\u00a0\u00bb||||||||\u00a0\u00bb header_text_color=\u00a0\u00bb#ffffff\u00a0\u00bb header_3_font=\u00a0\u00bbMontserrat|700|||||||\u00a0\u00bb header_3_text_color=\u00a0\u00bb#ffffff\u00a0\u00bb custom_padding=\u00a0\u00bb|||25px\u00a0\u00bb border_width_left=\u00a0\u00bb1px\u00a0\u00bb border_color_left=\u00a0\u00bb#ffffff\u00a0\u00bb global_colors_info=\u00a0\u00bb{}\u00a0\u00bb]<\/p>\n<h3>La sophrologie<\/h3>\n<p>La sophrologie permet d\u2019<strong>harmoniser corps et esprit<\/strong> et permet d\u2019aller puiser en soi les ressources n\u00e9cessaires afin d\u2019acc\u00e9der \u00e0 un mieux \u00eatre global (que se soit sur une probl\u00e9matique de gestion du stress, prise de parole, examens, sommeil, gestion \u00e0 la douleur\u2026)<\/p>\n<p>[\/et_pb_text][\/et_pb_column][et_pb_column type=\u00a0\u00bb1_2&Prime; _builder_version=\u00a0\u00bb3.25&Prime; custom_padding=\u00a0\u00bb|||\u00a0\u00bb global_colors_info=\u00a0\u00bb{}\u00a0\u00bb custom_padding__hover=\u00a0\u00bb|||\u00a0\u00bb][\/et_pb_column][\/et_pb_row][\/et_pb_section]<\/p>\n","protected":false},"excerpt":{"rendered":"<p>D\u00e9veloppement personnel : cultiver l\u2019art d\u2019\u00eatre heureux&#8230;Dans le plus profond respect, je vous accueille tel que vous \u00eates sans jugement, en toute sinc\u00e8re bienveillance afin de cr\u00e9er une belle alliance th\u00e9rapeutique et une grande confiance r\u00e9ciproque.Je suis happy-cultrice ! Je vous donne les outils qui vont vous permettre de cultiver l\u2019art d\u2019\u00eatre heureux, votre bonheur, [&hellip;]<\/p>\n","protected":false},"author":1,"featured_media":0,"parent":0,"menu_order":0,"comment_status":"closed","ping_status":"closed","template":"","meta":{"_et_pb_use_builder":"on","_et_pb_old_content":"","_et_gb_content_width":"","_monsterinsights_skip_tracking":false,"_monsterinsights_sitenote_active":false,"_monsterinsights_sitenote_note":"","_monsterinsights_sitenote_category":0},"yoast_head":"<!-- This site is optimized with the Yoast SEO plugin v17.4 - https:\/\/yoast.com\/wordpress\/plugins\/seo\/ -->\n<title>D\u00e9veloppement personnel - Corinne Laborie<\/title>\n<meta name=\"robots\" content=\"index, follow, max-snippet:-1, max-image-preview:large, max-video-preview:-1\" \/>\n<link rel=\"canonical\" href=\"http:\/\/corinnelaborie.com\/wp\/developpement-personnel-orleans-2\/\" \/>\n<meta property=\"og:locale\" content=\"fr_FR\" \/>\n<meta property=\"og:type\" content=\"article\" \/>\n<meta property=\"og:title\" content=\"D\u00e9veloppement personnel - Corinne Laborie\" \/>\n<meta property=\"og:description\" content=\"D\u00e9veloppement personnel : cultiver l\u2019art d\u2019\u00eatre heureux...Dans le plus profond respect, je vous accueille tel que vous \u00eates sans jugement, en toute sinc\u00e8re bienveillance afin de cr\u00e9er une belle alliance th\u00e9rapeutique et une grande confiance r\u00e9ciproque.Je suis happy-cultrice ! Je vous donne les outils qui vont vous permettre de cultiver l\u2019art d\u2019\u00eatre heureux, votre bonheur, [&hellip;]\" \/>\n<meta property=\"og:url\" content=\"http:\/\/corinnelaborie.com\/wp\/developpement-personnel-orleans-2\/\" \/>\n<meta property=\"og:site_name\" content=\"Corinne Laborie\" \/>\n<meta property=\"article:modified_time\" content=\"2025-03-17T06:50:22+00:00\" \/>\n<meta name=\"twitter:card\" content=\"summary_large_image\" \/>\n<meta name=\"twitter:label1\" content=\"Dur\u00e9e de lecture est.\" \/>\n\t<meta name=\"twitter:data1\" content=\"6 minutes\" \/>\n<script type=\"application\/ld+json\" class=\"yoast-schema-graph\">{\"@context\":\"https:\/\/schema.org\",\"@graph\":[{\"@type\":\"WebSite\",\"@id\":\"http:\/\/corinnelaborie.com\/wp\/#website\",\"url\":\"http:\/\/corinnelaborie.com\/wp\/\",\"name\":\"Corinne Laborie\",\"description\":\"d\\u00e9veloppement et coaching professionnel et personnel\",\"potentialAction\":[{\"@type\":\"SearchAction\",\"target\":{\"@type\":\"EntryPoint\",\"urlTemplate\":\"http:\/\/corinnelaborie.com\/wp\/?s={search_term_string}\"},\"query-input\":\"required name=search_term_string\"}],\"inLanguage\":\"fr-FR\"},{\"@type\":\"WebPage\",\"@id\":\"http:\/\/corinnelaborie.com\/wp\/developpement-personnel-orleans-2\/#webpage\",\"url\":\"http:\/\/corinnelaborie.com\/wp\/developpement-personnel-orleans-2\/\",\"name\":\"D\\u00e9veloppement personnel - Corinne Laborie\",\"isPartOf\":{\"@id\":\"http:\/\/corinnelaborie.com\/wp\/#website\"},\"datePublished\":\"2020-01-17T09:39:29+00:00\",\"dateModified\":\"2025-03-17T06:50:22+00:00\",\"breadcrumb\":{\"@id\":\"http:\/\/corinnelaborie.com\/wp\/developpement-personnel-orleans-2\/#breadcrumb\"},\"inLanguage\":\"fr-FR\",\"potentialAction\":[{\"@type\":\"ReadAction\",\"target\":[\"http:\/\/corinnelaborie.com\/wp\/developpement-personnel-orleans-2\/\"]}]},{\"@type\":\"BreadcrumbList\",\"@id\":\"http:\/\/corinnelaborie.com\/wp\/developpement-personnel-orleans-2\/#breadcrumb\",\"itemListElement\":[{\"@type\":\"ListItem\",\"position\":1,\"name\":\"Accueil\",\"item\":\"http:\/\/corinnelaborie.com\/wp\/\"},{\"@type\":\"ListItem\",\"position\":2,\"name\":\"D\\u00e9veloppement personnel\"}]}]}<\/script>\n<!-- \/ Yoast SEO plugin. -->","yoast_head_json":{"title":"D\u00e9veloppement personnel - Corinne Laborie","robots":{"index":"index","follow":"follow","max-snippet":"max-snippet:-1","max-image-preview":"max-image-preview:large","max-video-preview":"max-video-preview:-1"},"canonical":"http:\/\/corinnelaborie.com\/wp\/developpement-personnel-orleans-2\/","og_locale":"fr_FR","og_type":"article","og_title":"D\u00e9veloppement personnel - Corinne Laborie","og_description":"D\u00e9veloppement personnel : cultiver l\u2019art d\u2019\u00eatre heureux...Dans le plus profond respect, je vous accueille tel que vous \u00eates sans jugement, en toute sinc\u00e8re bienveillance afin de cr\u00e9er une belle alliance th\u00e9rapeutique et une grande confiance r\u00e9ciproque.Je suis happy-cultrice ! Je vous donne les outils qui vont vous permettre de cultiver l\u2019art d\u2019\u00eatre heureux, votre bonheur, [&hellip;]","og_url":"http:\/\/corinnelaborie.com\/wp\/developpement-personnel-orleans-2\/","og_site_name":"Corinne Laborie","article_modified_time":"2025-03-17T06:50:22+00:00","twitter_card":"summary_large_image","twitter_misc":{"Dur\u00e9e de lecture est.":"6 minutes"},"schema":{"@context":"https:\/\/schema.org","@graph":[{"@type":"WebSite","@id":"http:\/\/corinnelaborie.com\/wp\/#website","url":"http:\/\/corinnelaborie.com\/wp\/","name":"Corinne Laborie","description":"d\u00e9veloppement et coaching professionnel et personnel","potentialAction":[{"@type":"SearchAction","target":{"@type":"EntryPoint","urlTemplate":"http:\/\/corinnelaborie.com\/wp\/?s={search_term_string}"},"query-input":"required name=search_term_string"}],"inLanguage":"fr-FR"},{"@type":"WebPage","@id":"http:\/\/corinnelaborie.com\/wp\/developpement-personnel-orleans-2\/#webpage","url":"http:\/\/corinnelaborie.com\/wp\/developpement-personnel-orleans-2\/","name":"D\u00e9veloppement personnel - Corinne Laborie","isPartOf":{"@id":"http:\/\/corinnelaborie.com\/wp\/#website"},"datePublished":"2020-01-17T09:39:29+00:00","dateModified":"2025-03-17T06:50:22+00:00","breadcrumb":{"@id":"http:\/\/corinnelaborie.com\/wp\/developpement-personnel-orleans-2\/#breadcrumb"},"inLanguage":"fr-FR","potentialAction":[{"@type":"ReadAction","target":["http:\/\/corinnelaborie.com\/wp\/developpement-personnel-orleans-2\/"]}]},{"@type":"BreadcrumbList","@id":"http:\/\/corinnelaborie.com\/wp\/developpement-personnel-orleans-2\/#breadcrumb","itemListElement":[{"@type":"ListItem","position":1,"name":"Accueil","item":"http:\/\/corinnelaborie.com\/wp\/"},{"@type":"ListItem","position":2,"name":"D\u00e9veloppement personnel"}]}]}},"_links":{"self":[{"href":"http:\/\/corinnelaborie.com\/wp\/wp-json\/wp\/v2\/pages\/241"}],"collection":[{"href":"http:\/\/corinnelaborie.com\/wp\/wp-json\/wp\/v2\/pages"}],"about":[{"href":"http:\/\/corinnelaborie.com\/wp\/wp-json\/wp\/v2\/types\/page"}],"author":[{"embeddable":true,"href":"http:\/\/corinnelaborie.com\/wp\/wp-json\/wp\/v2\/users\/1"}],"replies":[{"embeddable":true,"href":"http:\/\/corinnelaborie.com\/wp\/wp-json\/wp\/v2\/comments?post=241"}],"version-history":[{"count":10,"href":"http:\/\/corinnelaborie.com\/wp\/wp-json\/wp\/v2\/pages\/241\/revisions"}],"predecessor-version":[{"id":1379,"href":"http:\/\/corinnelaborie.com\/wp\/wp-json\/wp\/v2\/pages\/241\/revisions\/1379"}],"wp:attachment":[{"href":"http:\/\/corinnelaborie.com\/wp\/wp-json\/wp\/v2\/media?parent=241"}],"curies":[{"name":"wp","href":"https:\/\/api.w.org\/{rel}","templated":true}]}}